{"id":1961,"date":"2018-12-07T15:39:59","date_gmt":"2018-12-07T15:39:59","guid":{"rendered":"https:\/\/escadarte.com\/?page_id=1961"},"modified":"2020-10-20T09:34:02","modified_gmt":"2020-10-20T09:34:02","slug":"politica-de-privacidade-cookies","status":"publish","type":"page","link":"https:\/\/escadarte.com\/es\/politica-de-privacidade-cookies\/","title":{"rendered":"Pol\u00edtica de privacidad \/ Cookies"},"content":{"rendered":"<div class=\"grve-section grve-row-section grve-fullwidth-background grve-padding-top-1x grve-padding-bottom-1x grve-bg-none\"><div class=\"grve-container\"><div class=\"grve-row grve-bookmark grve-columns-gap-30\"><div class=\"grve-column wpb_column grve-column-1\" ><div class=\"grve-column-wrapper\" ><div class=\"grve-element grve-text\">\r\n\t\t\t<p>Escadarte es la entidad responsable del tratamiento de los datos personales y asume permanentemente el compromiso p\u00fablico de actuar de acuerdo con la legislaci\u00f3n nacional y comunitaria vigente y aplicable.<\/p>\n<p><span style=\"font-weight: 400;\">Los datos personales de nuestros clientes son tratados exclusivamente porque son necesarios para la elaboraci\u00f3n de presupuestos, ejecuci\u00f3n y ejecuci\u00f3n de contratos, gesti\u00f3n de entregas y seguimiento de pedidos, servicio postventa, cumplimiento de obligaciones legales o por estar sujetos a de consentimiento.<\/span><\/p>\n<p><span style=\"font-weight: 400;\">Los datos personales proporcionados por los clientes o generados por el uso de servicios o la adquisici\u00f3n de bienes, ser\u00e1n procesados y almacenados por computadora y est\u00e1n destinados a ser utilizados por el sitio web de Escadarte para: marketing y ventas, gesti\u00f3n de clientes, gesti\u00f3n contable, fiscal y administrativa. , gesti\u00f3n de litigios y, en general, cumplimiento de obligaciones generales.<\/span><\/p>\n<p><span style=\"font-weight: 400;\">El tratamiento de datos con fines de marketing se realizar\u00e1 de acuerdo con la opci\u00f3n de consentimiento expresada por el cliente. Dicho consentimiento debe ser previo, libre, informado, espec\u00edfico e inequ\u00edvoco, y debe incluir una declaraci\u00f3n escrita, que puede tomar la forma de validar una opci\u00f3n. La oposici\u00f3n al procesamiento de datos con fines de marketing puede declararse en cualquier momento por escrito.<\/span><\/p>\n<p><span style=\"font-weight: 400;\">Los datos personales se conservan por diferentes periodos de tiempo, en funci\u00f3n de la finalidad a la que se destinan, de acuerdo con los respectivos criterios legales, cumpliendo con los principios de necesidad y minimizaci\u00f3n del tiempo de conservaci\u00f3n.<\/span><\/p>\n<p><span style=\"font-weight: 400;\">Escadarte puede utilizar entidades subcontratadas con el fin de procesar datos personales, es decir, para campa\u00f1as promocionales, marketing, gesti\u00f3n de cuentas de clientes, facturaci\u00f3n, transporte de mercanc\u00edas, asistencia en la entrega y posventa, contabilidad, gesti\u00f3n de litigios, procesamiento de n\u00f3minas. , servicios de salud y seguridad en el trabajo, entre otros, estando dichas entidades obligadas a desarrollar medidas de protecci\u00f3n de datos y velar por la defensa de los derechos de los interesados.<\/span><\/p>\n<p><span style=\"font-weight: 400;\">Escadarte garantiza a todos los interesados el acceso, rectificaci\u00f3n, oposici\u00f3n, supresi\u00f3n, limitaci\u00f3n y portabilidad de los datos facilitados.<\/span><\/p>\n<p><span style=\"font-weight: 400;\">El ejercicio de tales derechos debe realizarse mediante contacto a trav\u00e9s del <\/span><a href=\"mailto:geral@escadarte.com\"><span style=\"font-weight: 400;\">geral@escadarte.com<\/span><\/a><span style=\"font-weight: 400;\">.<\/span><\/p>\n<p><span style=\"font-weight: 400;\">Todos los interesados tienen derecho a presentar una reclamaci\u00f3n directamente a la COMISI\u00d3N NACIONAL DE PROTECCI\u00d3N DE DATOS.<\/span><\/p>\n<h3><b>Los anuncios<\/b><\/h3>\n<p><span style=\"font-weight: 400;\">Al igual que otros sitios web, recopilamos y usamos la informaci\u00f3n contenida en los anuncios. La informaci\u00f3n contenida en los anuncios incluye su direcci\u00f3n IP (Protocolo de Internet), su ISP (Proveedor de servicios de Internet, como NOS, MEO u otro), el navegador que utiliz\u00f3 al visitar nuestro sitio web (como Internet Explorer o Firefox), la hora de su visita y las p\u00e1ginas que visit\u00f3 dentro de nuestro sitio web.<\/span><\/p>\n<h3><b>Cookies y balizas web<\/b><\/h3>\n<p><span style=\"font-weight: 400;\">Usamos cookies para almacenar informaci\u00f3n, como sus preferencias personales cuando visita nuestro sitio web. Esto puede incluir una simple ventana emergente o un enlace a los diversos servicios que brindamos, como foros.<\/span><\/p>\n<p><span style=\"font-weight: 400;\">Adem\u00e1s, tambi\u00e9n utilizamos publicidad de terceros en nuestro sitio web para respaldar los costos de mantenimiento. Algunos de estos anunciantes, pueden utilizar tecnolog\u00edas como cookies y \/ o balizas web cuando se anuncian en nuestro sitio web, lo que har\u00e1 que estos anunciantes (como Google a trav\u00e9s de Google AdSense) tambi\u00e9n reciban su informaci\u00f3n personal, como la direcci\u00f3n IP, la su ISP, su navegador, etc. Esta funci\u00f3n se utiliza generalmente para la orientaci\u00f3n geogr\u00e1fica (mostrar publicidad de Lisboa solo a lectores procedentes de Lisboa, por ejemplo) o mostrar publicidad dirigida a un tipo de usuario (como mostrar publicidad de restaurantes a un usuario que visita sitios de cocina con regularidad, p. Ej. ).<\/span><\/p>\n<p><span style=\"font-weight: 400;\">Escadarte se compromete a hacer de su experiencia en l\u00ednea y su interacci\u00f3n con nuestro sitio web un momento informativo y relevante, y a brindar la mejor experiencia posible durante su visita en l\u00ednea. Una forma es mediante el uso de cookies (propias y de terceros) para almacenar informaci\u00f3n sobre su visita a nuestro sitio web, en su computadora. Esta informaci\u00f3n es necesaria para que el sitio web funcione correctamente.<\/span><\/p>\n<p><b><i>\u00bfQu\u00e9 son las cookies?<\/i><\/b><\/p>\n<p><span style=\"font-weight: 400;\">un <\/span><b><i>Galleta<\/i><\/b> <span style=\"font-weight: 400;\">es un archivo que se descarga en su computadora, tel\u00e9fono m\u00f3vil u otro equipo (m\u00e1s adelante denominado equipo) cuando accede a nuestro sitio web o utiliza nuestra aplicaci\u00f3n. La cookie nos permite almacenar y recuperar informaci\u00f3n sobre sus h\u00e1bitos de navegaci\u00f3n o el equipo al que accede, generalmente de forma an\u00f3nima y dependiendo de la informaci\u00f3n que contenga, si est\u00e1 previamente registrada, para identificarle como cliente o usuario.<\/span><\/p>\n<p><span style=\"font-weight: 400;\">La informaci\u00f3n que se obtiene est\u00e1 relacionada con el n\u00famero de p\u00e1ginas que visita, el idioma, la ubicaci\u00f3n a la que accede, el n\u00famero de nuevos usuarios, la frecuencia y n\u00famero de visitas, la duraci\u00f3n de la visita, el navegador o equipo con el que realiza la visita en el sitio web o en nuestra aplicaci\u00f3n.<\/span><\/p>\n<p><b>\u00bfQu\u00e9 tipo de cookies se utilizan en nuestro sitio web?<\/b><\/p>\n<p><i><span style=\"font-weight: 400;\">Cookies propias<\/span><\/i><\/p>\n<p><span style=\"font-weight: 400;\">Son aquellos que se env\u00edan al equipo desde un dominio o equipo operado por nosotros.<\/span><\/p>\n<p><i><span style=\"font-weight: 400;\">Cookies de terceros<\/span><\/i><\/p>\n<p><span style=\"font-weight: 400;\">Son aquellas que se env\u00edan a su equipo desde un equipo o dominio que no es operado por nosotros, sino por otra entidad que maneja los datos obtenidos a trav\u00e9s de las cookies.<\/span><\/p>\n<p><i><span style=\"font-weight: 400;\">Cookies de sesi\u00f3n<\/span><\/i><\/p>\n<p><span style=\"font-weight: 400;\">Son un tipo de cookies que caducan al cerrar la sesi\u00f3n en nuestro sitio web.<\/span><\/p>\n<p><i><span style=\"font-weight: 400;\">Cookies persistentes<\/span><\/i><\/p>\n<p><span style=\"font-weight: 400;\">Son un tipo de cookies que se almacenan en su computadora durante un per\u00edodo de tiempo que puede variar desde unos minutos hasta varios a\u00f1os.<\/span><\/p>\n<p><i><span style=\"font-weight: 400;\">Cookies de an\u00e1lisis<\/span><\/i><\/p>\n<p><span style=\"font-weight: 400;\">Son aqu\u00e9llas que o tratadas por nosotros o por terceros y que nos permiten cuantificar el n\u00famero de visitas y el uso que los usuarios hacen en nuestra web con el objetivo de medir y analizar estad\u00edsticamente su uso y solventar las lagunas detectadas y facilitar la uso de nuestro sitio web.<\/span><\/p>\n<p><i><span style=\"font-weight: 400;\">Cookies publicitarias<\/span><\/i><\/p>\n<p><span style=\"font-weight: 400;\">Cuando visita las p\u00e1ginas de nuestro sitio web, env\u00eda correos electr\u00f3nicos o ejecuta una aplicaci\u00f3n donde publicamos anuncios de nuestros productos o servicios, para controlar y monitorear la efectividad de la publicidad, se utilizan cookies en su navegador o computadora que se utilizan para medir, por ejemplo , la cantidad de veces que se han visto los anuncios y d\u00f3nde aparecen, la hora a la que se ven, desde d\u00f3nde o si no los ha visto antes.<\/span><\/p>\n<p><i><span style=\"font-weight: 400;\">Cookies de publicidad comportamental<\/span><\/i><\/p>\n<p><span style=\"font-weight: 400;\">Son un tipo de cookies que se utilizan para almacenar y recuperar informaci\u00f3n sobre el comportamiento de los usuarios obtenida a trav\u00e9s de la observaci\u00f3n de sus h\u00e1bitos de navegaci\u00f3n, que permiten la elaboraci\u00f3n de un perfil espec\u00edfico para mostrar al usuario publicidad en funci\u00f3n del mismo.<\/span><\/p>\n<p><b>Renovaci\u00f3n y eliminaci\u00f3n de cookies<\/b><\/p>\n<p><span style=\"font-weight: 400;\">La mayor\u00eda de los navegadores le permiten controlar la mayor\u00eda de las cookies a trav\u00e9s de su configuraci\u00f3n.<\/span><\/p>\n<p><span style=\"font-weight: 400;\">Si lo desea, puede permitir, bloquear o eliminar las cookies instaladas en su equipo configurando las opciones del navegador instalado en su equipo o desde la configuraci\u00f3n de privacidad del equipo.<\/span><\/p>\n<p><span style=\"font-weight: 400;\">Por ejemplo, puede encontrar informaci\u00f3n sobre c\u00f3mo hacer esto si lo usa como navegador:<\/span><\/p>\n<ul>\n<li style=\"font-weight: 400;\"><span style=\"font-weight: 400;\">Firefox de habilitar y deshabilitar las cookies que utilizan los sitios web para rastrear sus preferencias | Ayuda de Firefox<\/span><\/li>\n<li style=\"font-weight: 400;\"><span style=\"font-weight: 400;\">Chrome de c\u00f3mo administrar cookies y sitios web<\/span><\/li>\n<li style=\"font-weight: 400;\"><span style=\"font-weight: 400;\">Explorer de administrar cookies en Internet Explorer<\/span><\/li>\n<li style=\"font-weight: 400;\"><span style=\"font-weight: 400;\">Safari desde Safari 8 (Yosemite): administre cookies y datos del sitio web<\/span><\/li>\n<li style=\"font-weight: 400;\"><span style=\"font-weight: 400;\">Opera desde cookies de administraci\u00f3n<\/span><\/li>\n<\/ul>\n<p><i><span style=\"font-weight: 400;\">M\u00e1s detalles sobre las cookies<\/span><\/i><\/p>\n<p><span style=\"font-weight: 400;\">Informaci\u00f3n general sobre c\u00f3mo bloquear y eliminar cookies: <\/span><a href=\"http:\/\/www.aboutcookies.org\/\"><span style=\"font-weight: 400;\">http:\/\/www.aboutcookies.org\/<\/span><\/a><\/p>\n<p><span style=\"font-weight: 400;\">Puede rechazar el uso de cookies seleccionando la configuraci\u00f3n apropiada en su navegador, sin embargo, tenga en cuenta que al no aceptar cookies, es posible que no pueda aprovechar al m\u00e1ximo todos los beneficios en los respectivos sitios web.<\/span><\/p>\n<p><b>Categor\u00eda 1: <\/b><b><i>Galletas<\/i><\/b><b> estrictamente necesario<\/b><\/p>\n<p><span style=\"font-weight: 400;\">Estas cookies son esenciales para poder navegar por el sitio web y utilizar sus funciones, como acceder a \u00e1reas seguras del sitio web. Sin estas cookies, los servicios solicitados, como carritos de compra o facturas electr\u00f3nicas, no se pueden prestar.<\/span><\/p>\n<p><b>Categor\u00eda 2: <\/b><b><i>Galletas<\/i><\/b><b> de rendimiento<\/b><\/p>\n<p><span style=\"font-weight: 400;\">Estas cookies recopilan informaci\u00f3n sobre c\u00f3mo los visitantes utilizan un sitio web, por ejemplo, a qu\u00e9 p\u00e1ginas acceden los visitantes con m\u00e1s frecuencia y si se reciben mensajes de error de las p\u00e1ginas web. Estas cookies no recopilan informaci\u00f3n que identifique a un visitante. Toda la informaci\u00f3n recopilada por estas cookies se almacena colectivamente y, en consecuencia, es an\u00f3nima. Estos se utilizan \u00fanicamente para mejorar el funcionamiento de un sitio web.<\/span><\/p>\n<p><b>Categor\u00eda 3:<\/b><b><i> Galletas<\/i><\/b><b> de funcionalidad<\/b><\/p>\n<p><span style=\"font-weight: 400;\">Estas cookies permiten que el sitio web recuerde las elecciones que ha realizado (como su nombre de usuario, el idioma o la regi\u00f3n donde se encuentra) y ofrecer funciones mejoradas y m\u00e1s personales. Por ejemplo, un sitio web puede proporcionarle pron\u00f3sticos meteorol\u00f3gicos locales o informaci\u00f3n de tr\u00e1fico almacenando informaci\u00f3n en la regi\u00f3n donde se encuentra actualmente en una cookie. Estas cookies tambi\u00e9n se pueden utilizar para recordar los cambios que ha realizado en el tama\u00f1o del texto, las fuentes y otras partes de las p\u00e1ginas web que se pueden personalizar. Tambi\u00e9n se pueden utilizar para brindar servicios que haya solicitado, como ver un video o comentar en un blog. La informaci\u00f3n recopilada por estas cookies se puede procesar de forma an\u00f3nima y no se permite ver su actividad de navegaci\u00f3n en otros sitios web.<\/span><\/p>\n<p><b>Categor\u00eda 4:<\/b><b><i> Galletas<\/i><\/b><b> cookies de orientaci\u00f3n o publicidad<\/b><\/p>\n<p><span style=\"font-weight: 400;\">Estas cookies se utilizan para mostrar publicidad que es m\u00e1s relevante para usted y se adapta a sus intereses. Tambi\u00e9n se utilizan para limitar la cantidad de veces que ve un anuncio y para ayudar a medir la efectividad de la campa\u00f1a publicitaria. Estos suelen ser colocados por redes publicitarias con el permiso del operador del sitio web. Registran que visitaron un determinado sitio web y esta informaci\u00f3n se comparte con otras organizaciones, como los anunciantes. Las cookies de orientaci\u00f3n o publicidad a menudo estar\u00e1n vinculadas a la funcionalidad del sitio web proporcionado por la otra organizaci\u00f3n. Estas cookies no recopilan informaci\u00f3n que identifique a un visitante.<\/span><\/p>\n<p><i><span style=\"font-weight: 400;\">Cookies de terceros<\/span><\/i><\/p>\n<p><span style=\"font-weight: 400;\">Son similares a las cookies \u201cdirectas\u201d, sin embargo, se originan en un dominio diferente (no relacionado \/ vinculado a Escadarte) al que est\u00e1 visitando. Estas entidades (no relacionadas \/ vinculadas a Escadarte) tambi\u00e9n pueden colocar cookies en su dispositivo cuando visita el sitio web de Escadarte.<\/span><\/p>\n<p><b>Google analitico<\/b><\/p>\n<p><span style=\"font-weight: 400;\">Google Analytics utiliza &quot;cookies&quot; para recopilar y analizar informaci\u00f3n sobre el uso de los sitios web visitados por el usuario. Para obtener m\u00e1s informaci\u00f3n sobre las cookies de Google Analytics y su uso por parte de Google Inc., puede consultar la informaci\u00f3n sobre el uso de cookies de Google disponible en:<\/span><\/p>\n<p><a href=\"https:\/\/policies.google.com\/technologies\/cookies?hl=pt\"><span style=\"font-weight: 400;\">https:\/\/policies.google.com\/technologies\/cookies?hl=pt<\/span><\/a><span style=\"font-weight: 400;\"> y <\/span><a href=\"https:\/\/support.google.com\/analytics\/answer\/6004245\"><span style=\"font-weight: 400;\">https:\/\/support.google.com\/analytics\/answer\/6004245<\/span><\/a><\/p>\n<p><span style=\"font-weight: 400;\">Con respecto a las cookies de Addthis, es posible optar por no participar a trav\u00e9s del siguiente enlace: <\/span><a href=\"http:\/\/www.addthis.com\/privacy\/opt-out\"><span style=\"font-weight: 400;\">http:\/\/www.addthis.com\/privacy\/opt-out<\/span><\/a><\/p>\n<p><span style=\"font-weight: 400;\">La mayor\u00eda de los programas de navegador (Internet Explorer, Firefox, Chrome) pueden mostrarle c\u00f3mo evitar nuevas cookies, c\u00f3mo puede ser notificado cuando recibe una nueva cookie y c\u00f3mo puede deshabilitar y \/ o eliminar las cookies existentes.<\/span><\/p>\n<p><span style=\"font-weight: 400;\">Sin embargo, tenga en cuenta que al no aceptar cookies, es posible que no pueda aprovechar al m\u00e1ximo todas las funciones de este sitio web.<\/span><\/p>\n<h3><b>Enlaces a sitios de terceros<\/b><\/h3>\n<p><span style=\"font-weight: 400;\">El sitio web de Escadarte tiene enlaces a otros sitios que, en nuestra opini\u00f3n, pueden contener informaci\u00f3n \/ herramientas \u00fatiles para nuestros visitantes. Nuestra pol\u00edtica de privacidad no se aplica a sitios de terceros, por lo que si visita otro sitio de los nuestros, debe leer su pol\u00edtica de privacidad.<\/span><\/p>\n<p><span style=\"font-weight: 400;\">No somos responsables de la pol\u00edtica de privacidad o el contenido presente en estos mismos sitios.<\/span><\/p>\n\r\n\t\t<\/div>\r\n\t<\/div><\/div><\/div><\/div><div class=\"grve-background-wrapper\"><\/div><\/div>","protected":false},"excerpt":{"rendered":"Escadarte \u00e9 a entidade respons\u00e1vel pelo tratamento dos dados pessoais e assume permanentemente o compromisso p\u00fablico de atuar em conformidade com a legisla\u00e7\u00e3o nacional e comunit\u00e1ria em vigor e aplic\u00e1vel. Os dados pessoais dos nossos clientes s\u00e3o tratados, exclusivamente, por se mostrarem necess\u00e1rios \u00e0 elabora\u00e7\u00e3o de or\u00e7amentos, celebra\u00e7\u00e3o e execu\u00e7\u00e3o de contratos, gest\u00e3o de entregas [...]","protected":false},"author":101012,"featured_media":0,"parent":0,"menu_order":0,"comment_status":"closed","ping_status":"closed","template":"","meta":{"footnotes":""},"class_list":["post-1961","page","type-page","status-publish","hentry"],"_links":{"self":[{"href":"https:\/\/escadarte.com\/es\/wp-json\/wp\/v2\/pages\/1961","targetHints":{"allow":["GET"]}}],"collection":[{"href":"https:\/\/escadarte.com\/es\/wp-json\/wp\/v2\/pages"}],"about":[{"href":"https:\/\/escadarte.com\/es\/wp-json\/wp\/v2\/types\/page"}],"author":[{"embeddable":true,"href":"https:\/\/escadarte.com\/es\/wp-json\/wp\/v2\/users\/101012"}],"replies":[{"embeddable":true,"href":"https:\/\/escadarte.com\/es\/wp-json\/wp\/v2\/comments?post=1961"}],"version-history":[{"count":2,"href":"https:\/\/escadarte.com\/es\/wp-json\/wp\/v2\/pages\/1961\/revisions"}],"predecessor-version":[{"id":2821,"href":"https:\/\/escadarte.com\/es\/wp-json\/wp\/v2\/pages\/1961\/revisions\/2821"}],"wp:attachment":[{"href":"https:\/\/escadarte.com\/es\/wp-json\/wp\/v2\/media?parent=1961"}],"curies":[{"name":"wp","href":"https:\/\/api.w.org\/{rel}","templated":true}]}}