{"id":1961,"date":"2018-12-07T15:39:59","date_gmt":"2018-12-07T15:39:59","guid":{"rendered":"https:\/\/escadarte.com\/?page_id=1961"},"modified":"2020-10-20T09:34:02","modified_gmt":"2020-10-20T09:34:02","slug":"politica-de-privacidade-cookies","status":"publish","type":"page","link":"https:\/\/escadarte.com\/fr\/politica-de-privacidade-cookies\/","title":{"rendered":"Politique de confidentialit\u00e9 \/ Cookies"},"content":{"rendered":"<div class=\"grve-section grve-row-section grve-fullwidth-background grve-padding-top-1x grve-padding-bottom-1x grve-bg-none\"><div class=\"grve-container\"><div class=\"grve-row grve-bookmark grve-columns-gap-30\"><div class=\"grve-column wpb_column grve-column-1\" ><div class=\"grve-column-wrapper\" ><div class=\"grve-element grve-text\">\r\n\t\t\t<p>Escadarte est l&#039;entit\u00e9 responsable du traitement des donn\u00e9es personnelles et assume en permanence l&#039;engagement public \u00e0 agir conform\u00e9ment \u00e0 la l\u00e9gislation nationale et communautaire en vigueur et applicable.<\/p>\n<p><span style=\"font-weight: 400;\">Les donn\u00e9es personnelles de nos clients sont trait\u00e9es exclusivement parce qu&#039;elles sont n\u00e9cessaires \u00e0 la budg\u00e9tisation, \u00e0 la signature et \u00e0 l&#039;ex\u00e9cution des contrats, \u00e0 la gestion des livraisons et au suivi des commandes, au service apr\u00e8s-vente, au respect d&#039;obligations l\u00e9gales ou parce qu&#039;elles \u00e9taient soumises \u00e0 de consentement.<\/span><\/p>\n<p><span style=\"font-weight: 400;\">Les donn\u00e9es personnelles fournies par les clients ou g\u00e9n\u00e9r\u00e9es par l&#039;utilisation de services ou l&#039;acquisition de biens, seront trait\u00e9es et stock\u00e9es par ordinateur et sont destin\u00e9es \u00e0 \u00eatre utilis\u00e9es par le site Web Escadarte pour: le marketing et les ventes, la gestion des clients, la comptabilit\u00e9, la gestion fiscale et administrative , gestion des litiges et, en g\u00e9n\u00e9ral, respect des obligations g\u00e9n\u00e9rales.<\/span><\/p>\n<p><span style=\"font-weight: 400;\">Le traitement des donn\u00e9es \u00e0 des fins de marketing sera effectu\u00e9 selon l&#039;option de consentement exprim\u00e9e par le client. Ce consentement doit \u00eatre pr\u00e9alable, libre, \u00e9clair\u00e9, sp\u00e9cifique et sans ambigu\u00eft\u00e9, et doit inclure une d\u00e9claration \u00e9crite, qui peut prendre la forme de la validation d&#039;une option. L&#039;opposition au traitement des donn\u00e9es \u00e0 des fins de marketing peut \u00eatre d\u00e9clar\u00e9e \u00e0 tout moment par \u00e9crit.<\/span><\/p>\n<p><span style=\"font-weight: 400;\">Les donn\u00e9es personnelles sont conserv\u00e9es pendant des dur\u00e9es diff\u00e9rentes, en fonction de la finalit\u00e9 pour laquelle elles sont destin\u00e9es, selon les crit\u00e8res l\u00e9gaux respectifs, dans le respect des principes de n\u00e9cessit\u00e9 et de minimisation du temps de conservation.<\/span><\/p>\n<p><span style=\"font-weight: 400;\">Escadarte peut faire appel \u00e0 des entit\u00e9s sous-trait\u00e9es \u00e0 des fins de traitement de donn\u00e9es personnelles, \u00e0 savoir, pour des campagnes promotionnelles, marketing, gestion de compte client, facturation, transport de marchandises, livraison et assistance apr\u00e8s-vente, comptabilit\u00e9, gestion des litiges, traitement de la paie , les services de sant\u00e9 et de s\u00e9curit\u00e9 au travail, entre autres, ces entit\u00e9s \u00e9tant tenues de d\u00e9velopper des mesures de protection des donn\u00e9es et d&#039;assurer la d\u00e9fense des droits des personnes concern\u00e9es.<\/span><\/p>\n<p><span style=\"font-weight: 400;\">Escadarte garantit \u00e0 toutes les personnes concern\u00e9es l&#039;acc\u00e8s, la rectification, l&#039;opposition, la suppression, la limitation et la portabilit\u00e9 des donn\u00e9es fournies.<\/span><\/p>\n<p><span style=\"font-weight: 400;\">L&#039;exercice de ces droits doit se faire par le biais d&#039;un contact <\/span><a href=\"mailto:geral@escadarte.com\"><span style=\"font-weight: 400;\">geral@escadarte.com<\/span><\/a><span style=\"font-weight: 400;\">.<\/span><\/p>\n<p><span style=\"font-weight: 400;\">Toutes les personnes concern\u00e9es ont le droit de d\u00e9poser une plainte directement aupr\u00e8s de la COMMISSION NATIONALE DE PROTECTION DES DONN\u00c9ES.<\/span><\/p>\n<h3><b>Les pubs<\/b><\/h3>\n<p><span style=\"font-weight: 400;\">Comme d&#039;autres sites Web, nous recueillons et utilisons les informations contenues dans les publicit\u00e9s. Les informations contenues dans les publicit\u00e9s incluent votre adresse IP (Internet Protocol), votre FAI (fournisseur d&#039;acc\u00e8s Internet, tel que NOS, MEO ou autre), le navigateur que vous avez utilis\u00e9 lors de la visite de notre site Web (tel qu&#039;Internet Explorer ou Firefox), l&#039;heure de votre visite et les pages que vous avez visit\u00e9es sur notre site Web.<\/span><\/p>\n<h3><b>Cookies et balises Web<\/b><\/h3>\n<p><span style=\"font-weight: 400;\">Nous utilisons des cookies pour stocker des informations, telles que vos pr\u00e9f\u00e9rences personnelles lorsque vous visitez notre site Web. Cela peut inclure une simple fen\u00eatre contextuelle ou un lien vers les diff\u00e9rents services que nous proposons, tels que les forums.<\/span><\/p>\n<p><span style=\"font-weight: 400;\">En outre, nous utilisons \u00e9galement des publicit\u00e9s de tiers sur notre site Web pour prendre en charge les co\u00fbts de maintenance. Certains de ces annonceurs peuvent utiliser des technologies telles que les cookies et \/ ou les balises Web lors de la publicit\u00e9 sur notre site Web, ce qui am\u00e8nera ces annonceurs (tels que Google via Google AdSense) \u00e0 recevoir \u00e9galement vos informations personnelles, telles que l&#039;adresse IP, le votre FAI, votre navigateur, etc. Cette fonction est g\u00e9n\u00e9ralement utilis\u00e9e pour le ciblage g\u00e9ographique (montrer de la publicit\u00e9 de Lisbonne uniquement aux lecteurs venant de Lisbonne, par exemple) ou pour afficher de la publicit\u00e9 cibl\u00e9e sur un type d&#039;utilisateur (comme montrer de la publicit\u00e9 de restaurant \u00e0 un utilisateur qui visite r\u00e9guli\u00e8rement des sites de cuisine, par exemple. ).<\/span><\/p>\n<p><span style=\"font-weight: 400;\">Escadarte s&#039;engage \u00e0 faire de votre exp\u00e9rience en ligne et de votre interaction avec notre site Web un moment informatif et pertinent, et \u00e0 fournir la meilleure exp\u00e9rience possible lors de votre visite en ligne. Une fa\u00e7on consiste \u00e0 utiliser des cookies (propres et tiers) pour stocker des informations sur votre visite sur notre site Web, sur votre ordinateur. Ces informations sont n\u00e9cessaires au bon fonctionnement du site Web.<\/span><\/p>\n<p><b><i>Que sont les cookies?<\/i><\/b><\/p>\n<p><span style=\"font-weight: 400;\">une <\/span><b><i>biscuit<\/i><\/b> <span style=\"font-weight: 400;\">est un fichier qui est t\u00e9l\u00e9charg\u00e9 par votre ordinateur, t\u00e9l\u00e9phone portable ou autre \u00e9quipement (appel\u00e9 plus tard \u00e9quipement) lorsque vous acc\u00e9dez \u00e0 notre site Web ou utilisez notre application. Le cookie nous permet de stocker et de r\u00e9cup\u00e9rer des informations sur vos habitudes de navigation ou les \u00e9quipements auxquels vous acc\u00e9dez, g\u00e9n\u00e9ralement de mani\u00e8re anonyme et en fonction des informations qu&#039;il contient, si elles sont pr\u00e9alablement enregistr\u00e9es, pour vous identifier en tant que client ou utilisateur.<\/span><\/p>\n<p><span style=\"font-weight: 400;\">Les informations obtenues sont li\u00e9es au nombre de pages que vous visitez, la langue, l&#039;emplacement \u00e0 partir duquel vous acc\u00e9dez, le nombre de nouveaux utilisateurs, la fr\u00e9quence et le nombre de visites, la dur\u00e9e de la visite, le navigateur ou l&#039;\u00e9quipement avec lequel vous effectuez la visite sur le site ou dans notre application.<\/span><\/p>\n<p><b>Quels types de cookies sont utilis\u00e9s sur notre site Web?<\/b><\/p>\n<p><i><span style=\"font-weight: 400;\">Propres cookies<\/span><\/i><\/p>\n<p><span style=\"font-weight: 400;\">Ce sont ceux qui sont envoy\u00e9s \u00e0 l&#039;ordinateur \u00e0 partir d&#039;un domaine ou d&#039;un ordinateur que nous exploitons.<\/span><\/p>\n<p><i><span style=\"font-weight: 400;\">Cookies tiers<\/span><\/i><\/p>\n<p><span style=\"font-weight: 400;\">Ce sont ceux qui sont envoy\u00e9s \u00e0 votre ordinateur \u00e0 partir d&#039;un ordinateur ou d&#039;un domaine qui n&#039;est pas exploit\u00e9 par nous, mais par une autre entit\u00e9 qui g\u00e8re les donn\u00e9es obtenues via les cookies.<\/span><\/p>\n<p><i><span style=\"font-weight: 400;\">Cookies de session<\/span><\/i><\/p>\n<p><span style=\"font-weight: 400;\">Il s&#039;agit d&#039;un type de cookie qui expire lorsque la session est ferm\u00e9e sur notre site Web.<\/span><\/p>\n<p><i><span style=\"font-weight: 400;\">Cookies persistants<\/span><\/i><\/p>\n<p><span style=\"font-weight: 400;\">Il s&#039;agit d&#039;un type de cookie qui est stock\u00e9 sur votre ordinateur pendant une dur\u00e9e pouvant varier de quelques minutes \u00e0 plusieurs ann\u00e9es.<\/span><\/p>\n<p><i><span style=\"font-weight: 400;\">Cookies d&#039;analyse<\/span><\/i><\/p>\n<p><span style=\"font-weight: 400;\">Ce sont ceux qui ou trait\u00e9s par nous ou par des tiers et qui nous permettent de quantifier le nombre de visites et l&#039;utilisation que les utilisateurs font sur notre site Web dans le but de mesurer et d&#039;analyser statistique de leur utilisation et de r\u00e9soudre les lacunes d\u00e9tect\u00e9es et de faciliter le utilisation de notre site Web.<\/span><\/p>\n<p><i><span style=\"font-weight: 400;\">Cookies publicitaires<\/span><\/i><\/p>\n<p><span style=\"font-weight: 400;\">Lorsque vous visitez les pages de notre site Web, des courriels ou ex\u00e9cutez une application dans laquelle nous publions des publicit\u00e9s pour nos produits ou services, pour contr\u00f4ler et surveiller l&#039;efficacit\u00e9 de la publicit\u00e9, des cookies sont utilis\u00e9s dans votre navigateur ou ordinateur pour mesurer, par exemple , le nombre de fois o\u00f9 les publicit\u00e9s ont \u00e9t\u00e9 vues et o\u00f9 elles apparaissent, l&#039;heure \u00e0 laquelle elles sont vues, d&#039;o\u00f9 ou si vous ne les avez pas vues auparavant.<\/span><\/p>\n<p><i><span style=\"font-weight: 400;\">Cookies publicitaires comportementaux<\/span><\/i><\/p>\n<p><span style=\"font-weight: 400;\">Il s&#039;agit d&#039;un type de cookies qui sont utilis\u00e9s pour stocker et r\u00e9cup\u00e9rer des informations sur le comportement des utilisateurs obtenues gr\u00e2ce \u00e0 l&#039;observation de leurs habitudes de navigation, qui permettent le d\u00e9veloppement d&#039;un profil sp\u00e9cifique pour montrer \u00e0 l&#039;utilisateur une publicit\u00e9 bas\u00e9e sur celui-ci.<\/span><\/p>\n<p><b>Renouvellement et suppression des cookies<\/b><\/p>\n<p><span style=\"font-weight: 400;\">La plupart des navigateurs vous permettent de contr\u00f4ler la plupart des cookies via vos param\u00e8tres.<\/span><\/p>\n<p><span style=\"font-weight: 400;\">Si vous le souhaitez, vous pouvez autoriser, bloquer ou supprimer les cookies install\u00e9s sur votre ordinateur en configurant les options du navigateur install\u00e9 sur votre ordinateur ou \u00e0 partir des param\u00e8tres de confidentialit\u00e9 de l&#039;ordinateur.<\/span><\/p>\n<p><span style=\"font-weight: 400;\">Par exemple, vous pouvez trouver des informations sur la fa\u00e7on de proc\u00e9der si vous l&#039;utilisez comme navigateur:<\/span><\/p>\n<ul>\n<li style=\"font-weight: 400;\"><span style=\"font-weight: 400;\">Firefox d&#039;activer et de d\u00e9sactiver les cookies que les sites Web utilisent pour suivre vos pr\u00e9f\u00e9rences | Aide Firefox<\/span><\/li>\n<li style=\"font-weight: 400;\"><span style=\"font-weight: 400;\">Chrome explique comment g\u00e9rer les cookies et les sites Web<\/span><\/li>\n<li style=\"font-weight: 400;\"><span style=\"font-weight: 400;\">Explorer de l&#039;administration des cookies dans Internet Explorer<\/span><\/li>\n<li style=\"font-weight: 400;\"><span style=\"font-weight: 400;\">Safari depuis Safari 8 (Yosemite): g\u00e9rer les cookies et les donn\u00e9es du site Web<\/span><\/li>\n<li style=\"font-weight: 400;\"><span style=\"font-weight: 400;\">Fonctionne \u00e0 partir des cookies d&#039;administration<\/span><\/li>\n<\/ul>\n<p><i><span style=\"font-weight: 400;\">Plus de d\u00e9tails sur les cookies<\/span><\/i><\/p>\n<p><span style=\"font-weight: 400;\">Informations g\u00e9n\u00e9rales sur la fa\u00e7on de bloquer et de supprimer les cookies: <\/span><a href=\"http:\/\/www.aboutcookies.org\/\"><span style=\"font-weight: 400;\">http:\/\/www.aboutcookies.org\/<\/span><\/a><\/p>\n<p><span style=\"font-weight: 400;\">Vous pouvez refuser l&#039;utilisation de cookies en s\u00e9lectionnant les param\u00e8tres appropri\u00e9s dans votre navigateur, mais sachez qu&#039;en n&#039;acceptant pas les cookies, vous ne pourrez peut-\u00eatre pas profiter pleinement de tous les avantages des sites Web respectifs.<\/span><\/p>\n<p><b>Cat\u00e9gorie 1: <\/b><b><i>Biscuits<\/i><\/b><b> strictement n\u00e9cessaire<\/b><\/p>\n<p><span style=\"font-weight: 400;\">Ces cookies sont essentiels pour pouvoir naviguer sur le site Web et utiliser ses fonctionnalit\u00e9s, telles que l&#039;acc\u00e8s aux zones s\u00e9curis\u00e9es du site Web. Sans ces cookies, les services demand\u00e9s, tels que les paniers d&#039;achat ou les factures \u00e9lectroniques, ne peuvent pas \u00eatre fournis.<\/span><\/p>\n<p><b>Cat\u00e9gorie 2: <\/b><b><i>Biscuits<\/i><\/b><b> de performance<\/b><\/p>\n<p><span style=\"font-weight: 400;\">Ces cookies collectent des informations sur la fa\u00e7on dont les visiteurs utilisent un site Web, par exemple, quelles pages sont les plus fr\u00e9quemment consult\u00e9es par les visiteurs et si des messages d&#039;erreur sont re\u00e7us des pages Web. Ces cookies ne collectent pas d&#039;informations permettant d&#039;identifier un visiteur. Toutes les informations collect\u00e9es par ces cookies sont stock\u00e9es collectivement et, par cons\u00e9quent, sont anonymes. Ceux-ci ne sont utilis\u00e9s que pour am\u00e9liorer le fonctionnement d&#039;un site Web.<\/span><\/p>\n<p><b>Cat\u00e9gorie 3:<\/b><b><i> Biscuits<\/i><\/b><b> de fonctionnalit\u00e9<\/b><\/p>\n<p><span style=\"font-weight: 400;\">Ces cookies permettent au site Web de se souvenir des choix que vous avez faits (tels que votre nom d&#039;utilisateur, la langue ou la r\u00e9gion o\u00f9 vous vous trouvez) et offrent des fonctionnalit\u00e9s am\u00e9lior\u00e9es et plus personnelles. Par exemple, un site Web peut \u00eatre en mesure de vous fournir des pr\u00e9visions m\u00e9t\u00e9orologiques locales ou des informations sur le trafic en stockant des informations dans la r\u00e9gion o\u00f9 vous vous trouvez actuellement dans un cookie. Ces cookies peuvent \u00e9galement \u00eatre utilis\u00e9s pour m\u00e9moriser les modifications que vous avez apport\u00e9es \u00e0 la taille du texte, aux polices et \u00e0 d&#039;autres parties des pages Web qui peuvent \u00eatre personnalis\u00e9es. Ils peuvent \u00e9galement \u00eatre utilis\u00e9s pour fournir les services que vous avez demand\u00e9s, comme regarder une vid\u00e9o ou commenter un blog. Les informations collect\u00e9es par ces cookies peuvent \u00eatre trait\u00e9es de mani\u00e8re anonyme et il n&#039;est pas permis de visualiser votre activit\u00e9 de navigation sur d&#039;autres sites Web.<\/span><\/p>\n<p><b>Cat\u00e9gorie 4:<\/b><b><i> Biscuits<\/i><\/b><b> cookies de ciblage ou publicitaires<\/b><\/p>\n<p><span style=\"font-weight: 400;\">Ces cookies sont utilis\u00e9s pour afficher des publicit\u00e9s plus pertinentes pour vous et adapt\u00e9es \u00e0 vos int\u00e9r\u00eats. Ils sont \u00e9galement utilis\u00e9s pour limiter le nombre de fois o\u00f9 vous voyez une annonce et pour aider \u00e0 mesurer l&#039;efficacit\u00e9 de la campagne publicitaire. Ceux-ci sont g\u00e9n\u00e9ralement plac\u00e9s par des r\u00e9seaux publicitaires avec l&#039;autorisation de l&#039;exploitant du site Web. Ils enregistrent que vous avez visit\u00e9 un site Web particulier et ces informations sont partag\u00e9es avec d&#039;autres organisations, telles que des annonceurs. Les cookies de ciblage ou de publicit\u00e9 seront souvent li\u00e9s \u00e0 la fonctionnalit\u00e9 du site Web fournie par l&#039;autre organisation. Ces cookies ne collectent pas d&#039;informations permettant d&#039;identifier un visiteur.<\/span><\/p>\n<p><i><span style=\"font-weight: 400;\">Cookies tiers<\/span><\/i><\/p>\n<p><span style=\"font-weight: 400;\">Ils sont similaires aux cookies \u00abdirects\u00bb, cependant, ils proviennent d&#039;un domaine diff\u00e9rent (non li\u00e9 \/ li\u00e9 \u00e0 Escadarte) que celui que vous visitez. Ces entit\u00e9s (non li\u00e9es \/ li\u00e9es \u00e0 Escadarte) peuvent \u00e9galement placer des cookies sur votre appareil lorsque vous visitez le site Escadarte.<\/span><\/p>\n<p><b>Google Analytics<\/b><\/p>\n<p><span style=\"font-weight: 400;\">Google Analytics utilise des \u00abcookies\u00bb pour collecter et analyser des informations concernant l&#039;utilisation des sites Web visit\u00e9s par l&#039;utilisateur. Pour en savoir plus sur les cookies de Google Analytics et leur utilisation par Google Inc., vous pouvez consulter les informations sur l&#039;utilisation des cookies par Google disponibles sur:<\/span><\/p>\n<p><a href=\"https:\/\/policies.google.com\/technologies\/cookies?hl=pt\"><span style=\"font-weight: 400;\">https:\/\/policies.google.com\/technologies\/cookies?hl=pt<\/span><\/a><span style=\"font-weight: 400;\"> et <\/span><a href=\"https:\/\/support.google.com\/analytics\/answer\/6004245\"><span style=\"font-weight: 400;\">https:\/\/support.google.com\/analytics\/answer\/6004245<\/span><\/a><\/p>\n<p><span style=\"font-weight: 400;\">En ce qui concerne les cookies Addthis, il est possible de se d\u00e9sinscrire via le lien suivant: <\/span><a href=\"http:\/\/www.addthis.com\/privacy\/opt-out\"><span style=\"font-weight: 400;\">http:\/\/www.addthis.com\/privacy\/opt-out<\/span><\/a><\/p>\n<p><span style=\"font-weight: 400;\">La plupart des programmes de navigation (Internet Explorer, Firefox, Chrome) peuvent vous montrer comment emp\u00eacher les nouveaux cookies, comment vous pouvez \u00eatre averti lorsque vous recevez un nouveau cookie et comment vous pouvez d\u00e9sactiver et \/ ou supprimer les cookies existants.<\/span><\/p>\n<p><span style=\"font-weight: 400;\">Cependant, sachez qu&#039;en n&#039;acceptant pas les cookies, vous ne pourrez peut-\u00eatre pas profiter pleinement de toutes les fonctionnalit\u00e9s de ce site Web.<\/span><\/p>\n<h3><b>Liens vers des sites tiers<\/b><\/h3>\n<p><span style=\"font-weight: 400;\">Le site Escadarte contient des liens vers d&#039;autres sites qui, \u00e0 notre avis, peuvent contenir des informations \/ outils utiles pour nos visiteurs. Notre politique de confidentialit\u00e9 n&#039;est pas appliqu\u00e9e aux sites tiers, donc si vous visitez un autre site du n\u00f4tre, vous devriez lire sa politique de confidentialit\u00e9.<\/span><\/p>\n<p><span style=\"font-weight: 400;\">Nous ne sommes pas responsables de la politique de confidentialit\u00e9 ou du contenu pr\u00e9sent sur ces m\u00eames sites.<\/span><\/p>\n\r\n\t\t<\/div>\r\n\t<\/div><\/div><\/div><\/div><div class=\"grve-background-wrapper\"><\/div><\/div>","protected":false},"excerpt":{"rendered":"Escadarte \u00e9 a entidade respons\u00e1vel pelo tratamento dos dados pessoais e assume permanentemente o compromisso p\u00fablico de atuar em conformidade com a legisla\u00e7\u00e3o nacional e comunit\u00e1ria em vigor e aplic\u00e1vel. Os dados pessoais dos nossos clientes s\u00e3o tratados, exclusivamente, por se mostrarem necess\u00e1rios \u00e0 elabora\u00e7\u00e3o de or\u00e7amentos, celebra\u00e7\u00e3o e execu\u00e7\u00e3o de contratos, gest\u00e3o de entregas [...]","protected":false},"author":101012,"featured_media":0,"parent":0,"menu_order":0,"comment_status":"closed","ping_status":"closed","template":"","meta":{"footnotes":""},"class_list":["post-1961","page","type-page","status-publish","hentry"],"_links":{"self":[{"href":"https:\/\/escadarte.com\/fr\/wp-json\/wp\/v2\/pages\/1961","targetHints":{"allow":["GET"]}}],"collection":[{"href":"https:\/\/escadarte.com\/fr\/wp-json\/wp\/v2\/pages"}],"about":[{"href":"https:\/\/escadarte.com\/fr\/wp-json\/wp\/v2\/types\/page"}],"author":[{"embeddable":true,"href":"https:\/\/escadarte.com\/fr\/wp-json\/wp\/v2\/users\/101012"}],"replies":[{"embeddable":true,"href":"https:\/\/escadarte.com\/fr\/wp-json\/wp\/v2\/comments?post=1961"}],"version-history":[{"count":2,"href":"https:\/\/escadarte.com\/fr\/wp-json\/wp\/v2\/pages\/1961\/revisions"}],"predecessor-version":[{"id":2821,"href":"https:\/\/escadarte.com\/fr\/wp-json\/wp\/v2\/pages\/1961\/revisions\/2821"}],"wp:attachment":[{"href":"https:\/\/escadarte.com\/fr\/wp-json\/wp\/v2\/media?parent=1961"}],"curies":[{"name":"wp","href":"https:\/\/api.w.org\/{rel}","templated":true}]}}