{"id":2166,"date":"2020-04-21T14:23:26","date_gmt":"2020-04-21T14:23:26","guid":{"rendered":"https:\/\/escadarte.com\/?page_id=2166"},"modified":"2020-10-19T23:33:54","modified_gmt":"2020-10-19T23:33:54","slug":"contacto","status":"publish","type":"page","link":"https:\/\/escadarte.com\/fr\/contacto\/","title":{"rendered":"Contacts"},"content":{"rendered":"<div class=\"grve-section grve-row-section grve-fullwidth grve-padding-top-3x grve-bg-none grve-headings-light grve-custom-height grve-middle-content\"  style=\"background-color:#0e1115;color:#676767;\"><div class=\"grve-container\"><div class=\"grve-row grve-bookmark grve-columns-gap-none\"><div class=\"grve-column wpb_column grve-column-2-3\" ><div class=\"grve-column-wrapper\" ><div class=\"grve-map-wrapper\"><div class=\"grve-element grve-map\" data-lat=\"40.486600\" data-lng=\"-8.451683\" data-zoom=\"15\" data-disable-style=\"no\" style=\"height: 320px;\"><\/div>  <div style=\"display:none\" class=\"grve-map-point\" data-point-marker=\"\/\/escadarte.com\/wp-content\/themes\/movedo\/images\/markers\/transparent.png\" data-point-lat=\"40.486600\" data-point-lng=\"-8.451683\" data-point-title=\"\" data-point-type=\"pulse-dot\" data-point-marker-width=\"\" data-point-marker-height=\"\" data-point-bg-color=\"primary-5\"><\/div><\/div><\/div><\/div><div class=\"grve-column wpb_column grve-column-1-3\" ><div class=\"grve-column-wrapper\" ><h3 class=\"grve-element grve-title grve-align-center grve-h2 grve-custom-font-1\" style=\"\"><span>Nous attendons avec impatience votre visite<\/span><\/h3><div class=\"grve-element grve-text\">\r\n\t\t\t<p style=\"text-align: center;\">15 ao\u00fbt, rue<br \/>\n3780-351 Noisettes en route<br \/>\nAnadia<\/p>\n\r\n\t\t<\/div>\r\n\t<div class=\"grve-empty-space grve-height-1x\" style=\"\"><\/div><div class=\"grve-element grve-align-center\"><a href=\"https:\/\/www.google.com\/maps\/dir\/\/40.4866,-8.451683\/@40.4866041,-8.4538717,17z\/data=!4m2!4m1!3e0\" target=\"_blank\" rel=\"noopener noreferrer\" class=\"grve-btn grve-btn-medium grve-square grve-bg-primary-5 grve-bg-hover-primary-5 grve-btn-line\"><span><i class=\"smp-icon-directions\"><\/i>Obtenir des directions<\/span><\/a><\/div><\/div><\/div><\/div><\/div><div class=\"grve-background-wrapper\"><\/div><\/div><div class=\"grve-section grve-row-section grve-fullwidth-background grve-padding-top-3x grve-bg-none\"><div class=\"grve-container\"><div class=\"grve-row grve-bookmark grve-columns-gap-30\"><div class=\"grve-column wpb_column grve-column-1-6\" ><div class=\"grve-column-wrapper\" ><\/div><\/div><div class=\"grve-column wpb_column grve-column-2-3\" ><div class=\"grve-column-wrapper\" ><h3 class=\"grve-element grve-title grve-align-center grve-h1 grve-custom-font-1\" style=\"\"><span>Prenez contact avec nous<\/span><\/h3><div class=\"grve-element grve-text grve-leader-text\">\r\n\t\t\t<p style=\"text-align: center;\">Nous avons une \u00e9quipe de professionnels \u00e0 votre disposition pour vous aider de la meilleure fa\u00e7on.<\/p>\n\r\n\t\t<\/div>\r\n\t<div class=\"grve-empty-space grve-height-2x\" style=\"\"><\/div>\n<div class=\"wpcf7 no-js\" id=\"wpcf7-f439-o1\" lang=\"pt-PT\" dir=\"ltr\" data-wpcf7-id=\"439\">\n<div class=\"screen-reader-response\"><p role=\"status\" aria-live=\"polite\" aria-atomic=\"true\"><\/p> <ul><\/ul><\/div>\n<form action=\"\/fr\/wp-json\/wp\/v2\/pages\/2166#wpcf7-f439-o1\" method=\"post\" class=\"wpcf7-form init\" aria-label=\"formulaire de contact\" novalidate=\"novalidate\" data-status=\"init\" data-trp-original-action=\"\/fr\/wp-json\/wp\/v2\/pages\/2166#wpcf7-f439-o1\">\n<fieldset class=\"hidden-fields-container\"><input type=\"hidden\" name=\"_wpcf7\" value=\"439\" \/><input type=\"hidden\" name=\"_wpcf7_version\" value=\"6.1.5\" \/><input type=\"hidden\" name=\"_wpcf7_locale\" value=\"pt_PT\" \/><input type=\"hidden\" name=\"_wpcf7_unit_tag\" value=\"wpcf7-f439-o1\" \/><input type=\"hidden\" name=\"_wpcf7_container_post\" value=\"0\" \/><input type=\"hidden\" name=\"_wpcf7_posted_data_hash\" value=\"\" \/><input type=\"hidden\" name=\"_wpcf7_recaptcha_response\" value=\"\" \/>\n<\/fieldset>\n<div class=\"one-half\">\n\t<p><label><span class=\"wpcf7-form-control-wrap\" data-name=\"your-name\"><input size=\"40\" maxlength=\"400\" class=\"wpcf7-form-control wpcf7-text wpcf7-validates-as-required\" aria-required=\"true\" aria-invalid=\"false\" placeholder=\"Votre nom\" value=\"\" type=\"text\" name=\"your-name\" \/><\/span> <\/label>\n\t<\/p>\n<\/div>\n<div class=\"one-half last\">\n\t<p><label><span class=\"wpcf7-form-control-wrap\" data-name=\"your-email\"><input size=\"40\" maxlength=\"400\" class=\"wpcf7-form-control wpcf7-email wpcf7-validates-as-required wpcf7-text wpcf7-validates-as-email\" aria-required=\"true\" aria-invalid=\"false\" placeholder=\"Votre email\" value=\"\" type=\"email\" name=\"your-email\" \/><\/span> <\/label>\n\t<\/p>\n<\/div>\n<div class=\"one-half\">\n\t<p><label><span class=\"wpcf7-form-control-wrap\" data-name=\"your-contact\"><input size=\"40\" maxlength=\"400\" class=\"wpcf7-form-control wpcf7-tel wpcf7-validates-as-required wpcf7-text wpcf7-validates-as-tel\" aria-required=\"true\" aria-invalid=\"false\" placeholder=\"Ton contact\" value=\"\" type=\"tel\" name=\"your-contact\" \/><\/span> <\/label>\n\t<\/p>\n<\/div>\n<div class=\"one-half last\">\n\t<p><label><span class=\"wpcf7-form-control-wrap\" data-name=\"your-subject\"><input size=\"40\" maxlength=\"400\" class=\"wpcf7-form-control wpcf7-text wpcf7-validates-as-required\" aria-required=\"true\" aria-invalid=\"false\" placeholder=\"Sujet\" value=\"\" type=\"text\" name=\"your-subject\" \/><\/span> <\/label>\n\t<\/p>\n<\/div>\n<div>\n\t<p><label><span class=\"wpcf7-form-control-wrap\" data-name=\"your-message\"><textarea cols=\"40\" rows=\"10\" maxlength=\"2000\" class=\"wpcf7-form-control wpcf7-textarea wpcf7-validates-as-required\" aria-required=\"true\" aria-invalid=\"false\" placeholder=\"Votre message\" name=\"your-message\"><\/textarea><\/span> <\/label>\n\t<\/p>\n<\/div>\n<div>\n\t<p><span class=\"wpcf7-form-control-wrap\" data-name=\"politica-privacidade\"><span class=\"wpcf7-form-control wpcf7-acceptance\"><span class=\"wpcf7-list-item\"><label><input type=\"checkbox\" name=\"politica-privacidade\" value=\"1\" checked=\"checked\" aria-invalid=\"false\" \/><span class=\"wpcf7-list-item-label\">Conform\u00e9ment \u00e0 la l\u00e9gislation en vigueur sur la protection des donn\u00e9es, j&#039;exprime mon consentement pour qu&#039;Escadarte utilise mes donn\u00e9es pour de futurs contacts.<\/span><\/label><\/span><\/span><\/span><br \/>\n<input class=\"wpcf7-form-control wpcf7-submit has-spinner\" type=\"submit\" value=\"Soumettre\" \/>\n\t<\/p>\n<\/div><div class=\"wpcf7-response-output\" aria-hidden=\"true\"><\/div>\n<input type=\"hidden\" name=\"trp-form-language\" value=\"fr\"\/><\/form>\n<\/div>\n<\/div><\/div><div class=\"grve-column wpb_column grve-column-1-6\" ><div class=\"grve-column-wrapper\" ><\/div><\/div><\/div><\/div><div class=\"grve-background-wrapper\"><\/div><\/div>","protected":false},"excerpt":{"rendered":"Esperamos a sua visita Rua 15 de Agosto 3780-351 Avel\u00e3s de Caminho Anadia Obter dire\u00e7\u00f5esEntre em contacto connosco Temos uma equipa de profissionais \u00e0 sua disposi\u00e7\u00e3o para o ajudar da melhor forma. Nos termos da legisla\u00e7\u00e3o em vigor sobre a prote\u00e7\u00e3o de dados, expresso o meu consentimento para que Escadarte utilize os meus dados para [...]","protected":false},"author":101012,"featured_media":0,"parent":0,"menu_order":0,"comment_status":"closed","ping_status":"open","template":"","meta":{"footnotes":""},"class_list":["post-2166","page","type-page","status-publish","hentry"],"_links":{"self":[{"href":"https:\/\/escadarte.com\/fr\/wp-json\/wp\/v2\/pages\/2166","targetHints":{"allow":["GET"]}}],"collection":[{"href":"https:\/\/escadarte.com\/fr\/wp-json\/wp\/v2\/pages"}],"about":[{"href":"https:\/\/escadarte.com\/fr\/wp-json\/wp\/v2\/types\/page"}],"author":[{"embeddable":true,"href":"https:\/\/escadarte.com\/fr\/wp-json\/wp\/v2\/users\/101012"}],"replies":[{"embeddable":true,"href":"https:\/\/escadarte.com\/fr\/wp-json\/wp\/v2\/comments?post=2166"}],"version-history":[{"count":14,"href":"https:\/\/escadarte.com\/fr\/wp-json\/wp\/v2\/pages\/2166\/revisions"}],"predecessor-version":[{"id":2816,"href":"https:\/\/escadarte.com\/fr\/wp-json\/wp\/v2\/pages\/2166\/revisions\/2816"}],"wp:attachment":[{"href":"https:\/\/escadarte.com\/fr\/wp-json\/wp\/v2\/media?parent=2166"}],"curies":[{"name":"wp","href":"https:\/\/api.w.org\/{rel}","templated":true}]}}