{"id":2715,"date":"2020-10-19T20:26:22","date_gmt":"2020-10-19T20:26:22","guid":{"rendered":"https:\/\/escadarte.com\/?post_type=product&#038;p=2715"},"modified":"2020-11-25T15:27:45","modified_gmt":"2020-11-25T15:27:45","slug":"escada-meia-lua-32","status":"publish","type":"product","link":"https:\/\/escadarte.com\/fr\/loja\/escada-em-u\/escada-meia-lua-32\/","title":{"rendered":"\u00c9chelle demi-lune 32"},"content":{"rendered":"","protected":false},"excerpt":{"rendered":"<p>\u00c9chelle en U demi-lune en bois de ch\u00eane.<br \/>\nAvec des souches centrales.<br \/>\nGarde-corps compos\u00e9 de balustres tourn\u00e9s et de mains courantes travaill\u00e9es.<br \/>\n\u00c9tape d&#039;entr\u00e9e ronde.<\/p>","protected":false},"featured_media":2716,"comment_status":"closed","ping_status":"closed","template":"","meta":[],"product_brand":[],"product_cat":[57],"product_tag":[],"class_list":{"0":"post-2715","1":"product","2":"type-product","3":"status-publish","4":"has-post-thumbnail","6":"product_cat-escada-em-u","8":"first","9":"instock","10":"shipping-taxable","11":"product-type-simple"},"_links":{"self":[{"href":"https:\/\/escadarte.com\/fr\/wp-json\/wp\/v2\/product\/2715","targetHints":{"allow":["GET"]}}],"collection":[{"href":"https:\/\/escadarte.com\/fr\/wp-json\/wp\/v2\/product"}],"about":[{"href":"https:\/\/escadarte.com\/fr\/wp-json\/wp\/v2\/types\/product"}],"replies":[{"embeddable":true,"href":"https:\/\/escadarte.com\/fr\/wp-json\/wp\/v2\/comments?post=2715"}],"wp:featuredmedia":[{"embeddable":true,"href":"https:\/\/escadarte.com\/fr\/wp-json\/wp\/v2\/media\/2716"}],"wp:attachment":[{"href":"https:\/\/escadarte.com\/fr\/wp-json\/wp\/v2\/media?parent=2715"}],"wp:term":[{"taxonomy":"product_brand","embeddable":true,"href":"https:\/\/escadarte.com\/fr\/wp-json\/wp\/v2\/product_brand?post=2715"},{"taxonomy":"product_cat","embeddable":true,"href":"https:\/\/escadarte.com\/fr\/wp-json\/wp\/v2\/product_cat?post=2715"},{"taxonomy":"product_tag","embeddable":true,"href":"https:\/\/escadarte.com\/fr\/wp-json\/wp\/v2\/product_tag?post=2715"}],"curies":[{"name":"wp","href":"https:\/\/api.w.org\/{rel}","templated":true}]}}