{"id":2746,"date":"2020-10-19T21:40:03","date_gmt":"2020-10-19T21:40:03","guid":{"rendered":"https:\/\/escadarte.com\/?post_type=product&#038;p=2746"},"modified":"2020-11-25T15:26:15","modified_gmt":"2020-11-25T15:26:15","slug":"escada-direita-fechada-3","status":"publish","type":"product","link":"https:\/\/escadarte.com\/fr\/loja\/escada-direita\/escada-direita-fechada-3\/","title":{"rendered":"\u00c9chelle droite ferm\u00e9e 3"},"content":{"rendered":"","protected":false},"excerpt":{"rendered":"<p>\u00c9chelle de droite, mod\u00e8le classique, en bois izomb\u00e9.<br \/>\nAvec c\u00f4t\u00e9s et miroirs.<br \/>\nGarde-corps compos\u00e9 de balustres tourn\u00e9s et de mains courantes travaill\u00e9es.<br \/>\nAvec les 2 premi\u00e8res marches d&#039;entr\u00e9e rondes<\/p>","protected":false},"featured_media":2748,"comment_status":"closed","ping_status":"closed","template":"","meta":[],"product_brand":[],"product_cat":[54],"product_tag":[],"class_list":{"0":"post-2746","1":"product","2":"type-product","3":"status-publish","4":"has-post-thumbnail","6":"product_cat-escada-direita","8":"first","9":"instock","10":"shipping-taxable","11":"product-type-simple"},"_links":{"self":[{"href":"https:\/\/escadarte.com\/fr\/wp-json\/wp\/v2\/product\/2746","targetHints":{"allow":["GET"]}}],"collection":[{"href":"https:\/\/escadarte.com\/fr\/wp-json\/wp\/v2\/product"}],"about":[{"href":"https:\/\/escadarte.com\/fr\/wp-json\/wp\/v2\/types\/product"}],"replies":[{"embeddable":true,"href":"https:\/\/escadarte.com\/fr\/wp-json\/wp\/v2\/comments?post=2746"}],"wp:featuredmedia":[{"embeddable":true,"href":"https:\/\/escadarte.com\/fr\/wp-json\/wp\/v2\/media\/2748"}],"wp:attachment":[{"href":"https:\/\/escadarte.com\/fr\/wp-json\/wp\/v2\/media?parent=2746"}],"wp:term":[{"taxonomy":"product_brand","embeddable":true,"href":"https:\/\/escadarte.com\/fr\/wp-json\/wp\/v2\/product_brand?post=2746"},{"taxonomy":"product_cat","embeddable":true,"href":"https:\/\/escadarte.com\/fr\/wp-json\/wp\/v2\/product_cat?post=2746"},{"taxonomy":"product_tag","embeddable":true,"href":"https:\/\/escadarte.com\/fr\/wp-json\/wp\/v2\/product_tag?post=2746"}],"curies":[{"name":"wp","href":"https:\/\/api.w.org\/{rel}","templated":true}]}}