{"id":2854,"date":"2020-11-20T10:08:46","date_gmt":"2020-11-20T10:08:46","guid":{"rendered":"https:\/\/escadarte.com\/?post_type=product&#038;p=2854"},"modified":"2020-11-25T15:22:07","modified_gmt":"2020-11-25T15:22:07","slug":"escada-caracol-7","status":"publish","type":"product","link":"https:\/\/escadarte.com\/fr\/loja\/escada-caracol\/escada-caracol-7\/","title":{"rendered":"Escalier en colima\u00e7on 7"},"content":{"rendered":"","protected":false},"excerpt":{"rendered":"<p>Escalier en colima\u00e7on en bois de h\u00eatre avec c\u00f4t\u00e9 de fixation de marche incurv\u00e9.<\/p>\n<p>Garde-corps mixte compos\u00e9 d&#039;une main courante et de colonnes en bois lisses et de 3 tubes horizontaux en acier inoxydable.<\/p>\n<p>Posez sous la marche, offrant une plus grande stabilit\u00e9 apportant une touche d\u00e9corative.<\/p>","protected":false},"featured_media":2855,"comment_status":"closed","ping_status":"closed","template":"","meta":[],"product_brand":[],"product_cat":[58],"product_tag":[],"class_list":{"0":"post-2854","1":"product","2":"type-product","3":"status-publish","4":"has-post-thumbnail","6":"product_cat-escada-caracol","8":"first","9":"instock","10":"shipping-taxable","11":"product-type-simple"},"_links":{"self":[{"href":"https:\/\/escadarte.com\/fr\/wp-json\/wp\/v2\/product\/2854","targetHints":{"allow":["GET"]}}],"collection":[{"href":"https:\/\/escadarte.com\/fr\/wp-json\/wp\/v2\/product"}],"about":[{"href":"https:\/\/escadarte.com\/fr\/wp-json\/wp\/v2\/types\/product"}],"replies":[{"embeddable":true,"href":"https:\/\/escadarte.com\/fr\/wp-json\/wp\/v2\/comments?post=2854"}],"wp:featuredmedia":[{"embeddable":true,"href":"https:\/\/escadarte.com\/fr\/wp-json\/wp\/v2\/media\/2855"}],"wp:attachment":[{"href":"https:\/\/escadarte.com\/fr\/wp-json\/wp\/v2\/media?parent=2854"}],"wp:term":[{"taxonomy":"product_brand","embeddable":true,"href":"https:\/\/escadarte.com\/fr\/wp-json\/wp\/v2\/product_brand?post=2854"},{"taxonomy":"product_cat","embeddable":true,"href":"https:\/\/escadarte.com\/fr\/wp-json\/wp\/v2\/product_cat?post=2854"},{"taxonomy":"product_tag","embeddable":true,"href":"https:\/\/escadarte.com\/fr\/wp-json\/wp\/v2\/product_tag?post=2854"}],"curies":[{"name":"wp","href":"https:\/\/api.w.org\/{rel}","templated":true}]}}