{"id":2918,"date":"2020-11-20T11:09:25","date_gmt":"2020-11-20T11:09:25","guid":{"rendered":"https:\/\/escadarte.com\/?post_type=product&#038;p=2918"},"modified":"2020-12-04T11:27:13","modified_gmt":"2020-12-04T11:27:13","slug":"escada-direita-23","status":"publish","type":"product","link":"https:\/\/escadarte.com\/fr\/loja\/escada-direita\/escada-direita-23\/","title":{"rendered":"\u00c9chelle droite 23"},"content":{"rendered":"","protected":false},"excerpt":{"rendered":"<p>Echelle droite en bois de fr\u00eane.<br \/>\nGarde-corps constitu\u00e9 de tubes carr\u00e9s en acier inoxydable.<br \/>\nAvec poutre en bois d\u00e9centralis\u00e9e de couleur weng\u00e9.<\/p>\n<p>Projet d\u00e9velopp\u00e9 par l&#039;architecte Jo\u00e3o Carlos Aldeia Pereira<\/p>","protected":false},"featured_media":2919,"comment_status":"closed","ping_status":"closed","template":"","meta":[],"product_brand":[],"product_cat":[54],"product_tag":[],"class_list":{"0":"post-2918","1":"product","2":"type-product","3":"status-publish","4":"has-post-thumbnail","6":"product_cat-escada-direita","8":"first","9":"instock","10":"shipping-taxable","11":"product-type-simple"},"_links":{"self":[{"href":"https:\/\/escadarte.com\/fr\/wp-json\/wp\/v2\/product\/2918","targetHints":{"allow":["GET"]}}],"collection":[{"href":"https:\/\/escadarte.com\/fr\/wp-json\/wp\/v2\/product"}],"about":[{"href":"https:\/\/escadarte.com\/fr\/wp-json\/wp\/v2\/types\/product"}],"replies":[{"embeddable":true,"href":"https:\/\/escadarte.com\/fr\/wp-json\/wp\/v2\/comments?post=2918"}],"wp:featuredmedia":[{"embeddable":true,"href":"https:\/\/escadarte.com\/fr\/wp-json\/wp\/v2\/media\/2919"}],"wp:attachment":[{"href":"https:\/\/escadarte.com\/fr\/wp-json\/wp\/v2\/media?parent=2918"}],"wp:term":[{"taxonomy":"product_brand","embeddable":true,"href":"https:\/\/escadarte.com\/fr\/wp-json\/wp\/v2\/product_brand?post=2918"},{"taxonomy":"product_cat","embeddable":true,"href":"https:\/\/escadarte.com\/fr\/wp-json\/wp\/v2\/product_cat?post=2918"},{"taxonomy":"product_tag","embeddable":true,"href":"https:\/\/escadarte.com\/fr\/wp-json\/wp\/v2\/product_tag?post=2918"}],"curies":[{"name":"wp","href":"https:\/\/api.w.org\/{rel}","templated":true}]}}