{"id":2947,"date":"2020-11-20T11:26:18","date_gmt":"2020-11-20T11:26:18","guid":{"rendered":"https:\/\/escadarte.com\/?post_type=product&#038;p=2947"},"modified":"2020-11-25T15:08:31","modified_gmt":"2020-11-25T15:08:31","slug":"escada-pe-de-galo-21","status":"publish","type":"product","link":"https:\/\/escadarte.com\/fr\/loja\/escada-pe-de-galo\/escada-pe-de-galo-21\/","title":{"rendered":"Pied d&#039;\u00e9chelle 21"},"content":{"rendered":"","protected":false},"excerpt":{"rendered":"<p>\u00c9chelle droite mod\u00e8le P\u00e9 de Galo, en bois de kambala fonc\u00e9.<br \/>\nGarde-corps en bois compos\u00e9 de balustrade carr\u00e9e en coin pointu et main courante et colonnes lisses.<br \/>\nAvec marches d\u00e9coup\u00e9es, n\u00e9cessitant l&#039;utilisation du m\u00eame pied, et avec c\u00f4t\u00e9s.<br \/>\n(convient aux petites ouvertures)<\/p>","protected":false},"featured_media":2948,"comment_status":"closed","ping_status":"closed","template":"","meta":[],"product_brand":[],"product_cat":[56],"product_tag":[],"class_list":{"0":"post-2947","1":"product","2":"type-product","3":"status-publish","4":"has-post-thumbnail","6":"product_cat-escada-pe-de-galo","8":"first","9":"instock","10":"shipping-taxable","11":"product-type-simple"},"_links":{"self":[{"href":"https:\/\/escadarte.com\/fr\/wp-json\/wp\/v2\/product\/2947","targetHints":{"allow":["GET"]}}],"collection":[{"href":"https:\/\/escadarte.com\/fr\/wp-json\/wp\/v2\/product"}],"about":[{"href":"https:\/\/escadarte.com\/fr\/wp-json\/wp\/v2\/types\/product"}],"replies":[{"embeddable":true,"href":"https:\/\/escadarte.com\/fr\/wp-json\/wp\/v2\/comments?post=2947"}],"wp:featuredmedia":[{"embeddable":true,"href":"https:\/\/escadarte.com\/fr\/wp-json\/wp\/v2\/media\/2948"}],"wp:attachment":[{"href":"https:\/\/escadarte.com\/fr\/wp-json\/wp\/v2\/media?parent=2947"}],"wp:term":[{"taxonomy":"product_brand","embeddable":true,"href":"https:\/\/escadarte.com\/fr\/wp-json\/wp\/v2\/product_brand?post=2947"},{"taxonomy":"product_cat","embeddable":true,"href":"https:\/\/escadarte.com\/fr\/wp-json\/wp\/v2\/product_cat?post=2947"},{"taxonomy":"product_tag","embeddable":true,"href":"https:\/\/escadarte.com\/fr\/wp-json\/wp\/v2\/product_tag?post=2947"}],"curies":[{"name":"wp","href":"https:\/\/api.w.org\/{rel}","templated":true}]}}