{"id":2973,"date":"2020-11-20T11:37:26","date_gmt":"2020-11-20T11:37:26","guid":{"rendered":"https:\/\/escadarte.com\/?post_type=product&#038;p=2973"},"modified":"2020-11-25T15:06:08","modified_gmt":"2020-11-25T15:06:08","slug":"escada-u-4","status":"publish","type":"product","link":"https:\/\/escadarte.com\/fr\/loja\/escada-em-u\/escada-u-4\/","title":{"rendered":"\u00c9chelle U 4"},"content":{"rendered":"","protected":false},"excerpt":{"rendered":"<p>\u00c9chelle courb\u00e9e en forme de U en bois idiot.<br \/>\nCompos\u00e9 de c\u00f4t\u00e9s et marche ouverte.<br \/>\nGarde-corps compos\u00e9 de fer forg\u00e9.<\/p>","protected":false},"featured_media":2974,"comment_status":"closed","ping_status":"closed","template":"","meta":[],"product_brand":[],"product_cat":[57],"product_tag":[],"class_list":{"0":"post-2973","1":"product","2":"type-product","3":"status-publish","4":"has-post-thumbnail","6":"product_cat-escada-em-u","8":"first","9":"instock","10":"shipping-taxable","11":"product-type-simple"},"_links":{"self":[{"href":"https:\/\/escadarte.com\/fr\/wp-json\/wp\/v2\/product\/2973","targetHints":{"allow":["GET"]}}],"collection":[{"href":"https:\/\/escadarte.com\/fr\/wp-json\/wp\/v2\/product"}],"about":[{"href":"https:\/\/escadarte.com\/fr\/wp-json\/wp\/v2\/types\/product"}],"replies":[{"embeddable":true,"href":"https:\/\/escadarte.com\/fr\/wp-json\/wp\/v2\/comments?post=2973"}],"wp:featuredmedia":[{"embeddable":true,"href":"https:\/\/escadarte.com\/fr\/wp-json\/wp\/v2\/media\/2974"}],"wp:attachment":[{"href":"https:\/\/escadarte.com\/fr\/wp-json\/wp\/v2\/media?parent=2973"}],"wp:term":[{"taxonomy":"product_brand","embeddable":true,"href":"https:\/\/escadarte.com\/fr\/wp-json\/wp\/v2\/product_brand?post=2973"},{"taxonomy":"product_cat","embeddable":true,"href":"https:\/\/escadarte.com\/fr\/wp-json\/wp\/v2\/product_cat?post=2973"},{"taxonomy":"product_tag","embeddable":true,"href":"https:\/\/escadarte.com\/fr\/wp-json\/wp\/v2\/product_tag?post=2973"}],"curies":[{"name":"wp","href":"https:\/\/api.w.org\/{rel}","templated":true}]}}